{"id":101,"date":"2016-11-10T01:45:45","date_gmt":"2016-11-10T04:45:45","guid":{"rendered":"http:\/\/dev.mccredsa.com.ar\/?page_id=101"},"modified":"2017-05-17T12:15:43","modified_gmt":"2017-05-17T15:15:43","slug":"creditos-de-consumo","status":"publish","type":"page","link":"https:\/\/mccredsa.online\/?page_id=101","title":{"rendered":"Creditos de Consumo"},"content":{"rendered":"<p>[et_pb_section admin_label=\u00bbsection\u00bb background_image=\u00bbhttp:\/\/dev.mccredsa.com.ar\/wp-content\/uploads\/2016\/11\/pexels-photo-1.jpg\u00bb transparent_background=\u00bboff\u00bb allow_player_pause=\u00bboff\u00bb inner_shadow=\u00bbon\u00bb parallax=\u00bbon\u00bb parallax_method=\u00bboff\u00bb padding_mobile=\u00bboff\u00bb make_fullwidth=\u00bboff\u00bb use_custom_width=\u00bboff\u00bb width_unit=\u00bbon\u00bb custom_width_px=\u00bb1080px\u00bb custom_width_percent=\u00bb80%\u00bb make_equal=\u00bboff\u00bb use_custom_gutter=\u00bboff\u00bb fullwidth=\u00bboff\u00bb specialty=\u00bboff\u00bb disabled=\u00bboff\u00bb][et_pb_row admin_label=\u00bbrow\u00bb make_fullwidth=\u00bboff\u00bb use_custom_width=\u00bboff\u00bb width_unit=\u00bboff\u00bb use_custom_gutter=\u00bboff\u00bb padding_mobile=\u00bboff\u00bb allow_player_pause=\u00bboff\u00bb parallax=\u00bboff\u00bb parallax_method=\u00bbon\u00bb make_equal=\u00bboff\u00bb column_padding_mobile=\u00bbon\u00bb parallax_1=\u00bboff\u00bb parallax_method_1=\u00bbon\u00bb parallax_2=\u00bboff\u00bb parallax_method_2=\u00bbon\u00bb parallax_3=\u00bboff\u00bb parallax_method_3=\u00bbon\u00bb parallax_4=\u00bboff\u00bb parallax_method_4=\u00bbon\u00bb disabled=\u00bboff\u00bb disabled_on=\u00bboff|off|off\u00bb][et_pb_column type=\u00bb4_4&#8243;][et_pb_text admin_label=\u00bbTexto\u00bb background_layout=\u00bblight\u00bb text_orientation=\u00bbleft\u00bb header_font_size=\u00bb50px\u00bb use_border_color=\u00bboff\u00bb border_style=\u00bbsolid\u00bb disabled=\u00bboff\u00bb border_color=\u00bb#ffffff\u00bb]<\/p>\n<h1 style=\"text-align: center;\"><span style=\"font-weight: 400; color: #ffffff;\">Creditos de Consumo<\/span><\/h1>\n<p>[\/et_pb_text][et_pb_text admin_label=\u00bbTexto\u00bb background_layout=\u00bblight\u00bb text_orientation=\u00bbleft\u00bb use_border_color=\u00bboff\u00bb border_color=\u00bb#ffffff\u00bb border_style=\u00bbsolid\u00bb text_text_color=\u00bb#ffffff\u00bb]<\/p>\n<p>Somos una empresa que se dedica a la Financiaci\u00f3n de Cr\u00e9ditos Personales para el consumo, a trav\u00e9s de un Sistema Crediticio dise\u00f1ado para que Ud., pueda realizar sus ventas de manera \u00e1gil y muy sencilla. Contamos con mas de 2000 comercios adheridos el la provincia de Santiago del Estero (capital e interior), Catamarca, La Rioja, Tucum\u00e1n, Salta, Catamarca y Jujuy entre otros.<\/p>\n<p>El principal objetivo de nuestra empresa es cubrir las expectativas del comerciante escuch\u00e1ndolo y tratando de darle la alternativa que mejor se adapte a su necesidad especifica. Para ello, trabajamos en forma conjunta, logrando una sinergia que sin duda conlleva grandes beneficios para ambas partes.<\/p>\n<p>Tenemos real conciencia que el trabajo del comerciante es muy duro a la hora de realizar una venta, y m\u00e1s aun al hacer que el consumidor vuelva a comprar. Es por ello, que hemos creado un sistema que le permitir\u00e1 Captar, Retener y Fidelizar a sus clientes.<\/p>\n<p>[\/et_pb_text][et_pb_text admin_label=\u00bbTexto\u00bb background_layout=\u00bblight\u00bb text_orientation=\u00bbcenter\u00bb text_font=\u00bbPermanent Marker||||\u00bb use_border_color=\u00bboff\u00bb border_color=\u00bb#ffffff\u00bb border_style=\u00bbsolid\u00bb text_font_size=\u00bb25&#8243; text_text_color=\u00bb#ffffff\u00bb]<\/p>\n<p>Para ellos nos basamos en distintas Estrategias de Marketing, como por ejemplo:<\/p>\n<p>[\/et_pb_text][\/et_pb_column][\/et_pb_row][et_pb_row admin_label=\u00bbrow\u00bb make_fullwidth=\u00bboff\u00bb use_custom_width=\u00bboff\u00bb width_unit=\u00bboff\u00bb use_custom_gutter=\u00bboff\u00bb padding_mobile=\u00bboff\u00bb allow_player_pause=\u00bboff\u00bb parallax=\u00bboff\u00bb parallax_method=\u00bbon\u00bb make_equal=\u00bboff\u00bb column_padding_mobile=\u00bbon\u00bb parallax_1=\u00bboff\u00bb parallax_method_1=\u00bbon\u00bb parallax_2=\u00bboff\u00bb parallax_method_2=\u00bbon\u00bb parallax_3=\u00bboff\u00bb parallax_method_3=\u00bbon\u00bb parallax_4=\u00bboff\u00bb parallax_method_4=\u00bbon\u00bb disabled=\u00bbon\u00bb disabled_on=\u00bbon|on|on\u00bb][et_pb_column type=\u00bb1_3&#8243;][et_pb_blurb admin_label=\u00bbAnuncio\u00bb url_new_window=\u00bboff\u00bb use_icon=\u00bboff\u00bb font_icon=\u00bbR\u00bb icon_color=\u00bb#ffffff\u00bb use_circle=\u00bboff\u00bb circle_color=\u00bb#a14f68&#8243; use_circle_border=\u00bboff\u00bb circle_border_color=\u00bb#a14f68&#8243; image=\u00bbhttp:\/\/mccredsa.com.ar\/wp-content\/uploads\/2016\/12\/icono-1.png\u00bb icon_placement=\u00bbtop\u00bb animation=\u00bbtop\u00bb background_layout=\u00bbdark\u00bb text_orientation=\u00bbcenter\u00bb use_icon_font_size=\u00bbon\u00bb icon_font_size=\u00bb96px\u00bb use_border_color=\u00bboff\u00bb border_color=\u00bb#ffffff\u00bb border_width=\u00bb1px\u00bb border_style=\u00bbsolid\u00bb disabled=\u00bboff\u00bb]<\/p>\n<p>Ofrecer sus productos a cr\u00e9dito en cuotas fijas y en pesos, en el acto y a sola firma.<\/p>\n<p>[\/et_pb_blurb][\/et_pb_column][et_pb_column type=\u00bb1_3&#8243;][et_pb_blurb admin_label=\u00bbAnuncio\u00bb url_new_window=\u00bboff\u00bb use_icon=\u00bboff\u00bb font_icon=\u00bbR\u00bb icon_color=\u00bb#ffffff\u00bb use_circle=\u00bboff\u00bb circle_color=\u00bb#a14f68&#8243; use_circle_border=\u00bboff\u00bb circle_border_color=\u00bb#a14f68&#8243; image=\u00bbhttp:\/\/mccredsa.com.ar\/wp-content\/uploads\/2016\/12\/icono-4.png\u00bb icon_placement=\u00bbtop\u00bb animation=\u00bbtop\u00bb background_layout=\u00bbdark\u00bb text_orientation=\u00bbcenter\u00bb use_icon_font_size=\u00bbon\u00bb icon_font_size=\u00bb96px\u00bb use_border_color=\u00bboff\u00bb border_color=\u00bb#ffffff\u00bb border_width=\u00bb1px\u00bb border_style=\u00bbsolid\u00bb disabled=\u00bboff\u00bb]<\/p>\n<p>Contar con los planes de financiaci\u00f3n m\u00e1s competitivos de mercado.<\/p>\n<p>[\/et_pb_blurb][\/et_pb_column][et_pb_column type=\u00bb1_3&#8243;][et_pb_blurb admin_label=\u00bbAnuncio\u00bb url_new_window=\u00bboff\u00bb use_icon=\u00bboff\u00bb font_icon=\u00bbR\u00bb icon_color=\u00bb#ffffff\u00bb use_circle=\u00bboff\u00bb circle_color=\u00bb#a14f68&#8243; use_circle_border=\u00bboff\u00bb circle_border_color=\u00bb#a14f68&#8243; image=\u00bbhttp:\/\/mccredsa.com.ar\/wp-content\/uploads\/2016\/12\/icono-3.png\u00bb icon_placement=\u00bbtop\u00bb animation=\u00bbtop\u00bb background_layout=\u00bbdark\u00bb text_orientation=\u00bbcenter\u00bb use_icon_font_size=\u00bbon\u00bb icon_font_size=\u00bb96px\u00bb use_border_color=\u00bboff\u00bb border_color=\u00bb#ffffff\u00bb border_width=\u00bb1px\u00bb border_style=\u00bbsolid\u00bb disabled=\u00bboff\u00bb]<\/p>\n<p>Una vez grabada una solicitud en uno de sus comercios, ya no es necesario completarla en los dem\u00e1s, el sistema la carga autom\u00e1ticamente.<\/p>\n<p>[\/et_pb_blurb][\/et_pb_column][\/et_pb_row][et_pb_row admin_label=\u00bbrow\u00bb make_fullwidth=\u00bboff\u00bb use_custom_width=\u00bboff\u00bb width_unit=\u00bboff\u00bb use_custom_gutter=\u00bboff\u00bb padding_mobile=\u00bboff\u00bb allow_player_pause=\u00bboff\u00bb parallax=\u00bboff\u00bb parallax_method=\u00bbon\u00bb make_equal=\u00bboff\u00bb column_padding_mobile=\u00bbon\u00bb parallax_1=\u00bboff\u00bb parallax_method_1=\u00bbon\u00bb parallax_2=\u00bboff\u00bb parallax_method_2=\u00bbon\u00bb parallax_3=\u00bboff\u00bb parallax_method_3=\u00bbon\u00bb parallax_4=\u00bboff\u00bb parallax_method_4=\u00bbon\u00bb disabled=\u00bbon\u00bb disabled_on=\u00bbon|on|on\u00bb][et_pb_column type=\u00bb1_3&#8243;][et_pb_blurb admin_label=\u00bbAnuncio\u00bb url_new_window=\u00bboff\u00bb use_icon=\u00bboff\u00bb font_icon=\u00bbR\u00bb icon_color=\u00bb#ffffff\u00bb use_circle=\u00bboff\u00bb circle_color=\u00bb#a14f68&#8243; use_circle_border=\u00bboff\u00bb circle_border_color=\u00bb#a14f68&#8243; image=\u00bbhttp:\/\/mccredsa.com.ar\/wp-content\/uploads\/2016\/12\/icono-2.png\u00bb icon_placement=\u00bbtop\u00bb animation=\u00bbtop\u00bb background_layout=\u00bbdark\u00bb text_orientation=\u00bbcenter\u00bb use_icon_font_size=\u00bbon\u00bb icon_font_size=\u00bb96px\u00bb use_border_color=\u00bboff\u00bb border_color=\u00bb#ffffff\u00bb border_width=\u00bb1px\u00bb border_style=\u00bbsolid\u00bb disabled=\u00bboff\u00bb]<\/p>\n<p>El equipo computarizado (CPU, monitor, impresora) se entrega en comodato, es decir el comercio no necesita comprar un equipo, eso corre por cuenta de Mc Cred.<\/p>\n<p>[\/et_pb_blurb][\/et_pb_column][et_pb_column type=\u00bb1_3&#8243;][et_pb_blurb admin_label=\u00bbAnuncio\u00bb url_new_window=\u00bboff\u00bb use_icon=\u00bboff\u00bb font_icon=\u00bbR\u00bb icon_color=\u00bb#ffffff\u00bb use_circle=\u00bboff\u00bb circle_color=\u00bb#a14f68&#8243; use_circle_border=\u00bboff\u00bb circle_border_color=\u00bb#a14f68&#8243; image=\u00bbhttp:\/\/mccredsa.com.ar\/wp-content\/uploads\/2016\/12\/icono-5.png\u00bb icon_placement=\u00bbtop\u00bb animation=\u00bbtop\u00bb background_layout=\u00bbdark\u00bb text_orientation=\u00bbcenter\u00bb use_icon_font_size=\u00bbon\u00bb icon_font_size=\u00bb96px\u00bb use_border_color=\u00bboff\u00bb border_color=\u00bb#ffffff\u00bb border_width=\u00bb1px\u00bb border_style=\u00bbsolid\u00bb disabled=\u00bboff\u00bb]<\/p>\n<p>Si posee m\u00e1s de un comercio, con nuestro sistema podr\u00e1 cobrar las cuotas en cualquiera de sus sucursales.<\/p>\n<p>[\/et_pb_blurb][\/et_pb_column][et_pb_column type=\u00bb1_3&#8243;][et_pb_blurb admin_label=\u00bbAnuncio\u00bb url_new_window=\u00bboff\u00bb use_icon=\u00bboff\u00bb font_icon=\u00bbR\u00bb icon_color=\u00bb#ffffff\u00bb use_circle=\u00bboff\u00bb circle_color=\u00bb#a14f68&#8243; use_circle_border=\u00bboff\u00bb circle_border_color=\u00bb#a14f68&#8243; image=\u00bbhttp:\/\/mccredsa.com.ar\/wp-content\/uploads\/2016\/12\/icono-6.png\u00bb icon_placement=\u00bbtop\u00bb animation=\u00bbtop\u00bb background_layout=\u00bbdark\u00bb text_orientation=\u00bbcenter\u00bb use_icon_font_size=\u00bbon\u00bb icon_font_size=\u00bb96px\u00bb use_border_color=\u00bboff\u00bb border_color=\u00bb#ffffff\u00bb border_width=\u00bb1px\u00bb border_style=\u00bbsolid\u00bb disabled=\u00bboff\u00bb]<\/p>\n<p>Dispondr\u00e1 de los diferentes sistema de fidelizaci\u00f3n de clientes Sistema de suma de puntos, envio de Sms para lograr un excelente manejo de su cartera de clientes.<\/p>\n<p>[\/et_pb_blurb][\/et_pb_column][\/et_pb_row][et_pb_row admin_label=\u00bbFila\u00bb][et_pb_column type=\u00bb1_4&#8243;][et_pb_image admin_label=\u00bbcampa\u00f1a de comunicacion\u00bb src=\u00bbhttp:\/\/mccredsa.com.ar\/wp-content\/uploads\/2017\/05\/comunicacion.png\u00bb show_in_lightbox=\u00bboff\u00bb url_new_window=\u00bboff\u00bb use_overlay=\u00bboff\u00bb animation=\u00bbleft\u00bb sticky=\u00bboff\u00bb align=\u00bbleft\u00bb force_fullwidth=\u00bboff\u00bb always_center_on_mobile=\u00bbon\u00bb use_border_color=\u00bboff\u00bb border_color=\u00bb#ffffff\u00bb border_style=\u00bbsolid\u00bb] [\/et_pb_image][et_pb_text admin_label=\u00bbTexto\u00bb background_layout=\u00bblight\u00bb text_orientation=\u00bbcenter\u00bb use_border_color=\u00bboff\u00bb border_color=\u00bb#ffffff\u00bb border_style=\u00bbsolid\u00bb text_text_color=\u00bb#fcfcfc\u00bb header_text_color=\u00bb#ffffff\u00bb]<\/p>\n<p style=\"text-align: justify;\"><span style=\"color: #ffffff;\"><strong>Campa\u00f1as de comunicaci\u00f3n<\/strong> \u00a0<\/span><\/p>\n<p style=\"text-align: justify;\"><span style=\"color: #ffffff;\">brind\u00e1ndole apoyo continuo al comerciante y a sus vendedores a trav\u00e9s de materiales como folletos, Campa\u00f1as mediante mensajes de texto, carteles y otros elementos que destacan los beneficios, oportunidades y ventajas del cr\u00e9dito.<\/span><\/p>\n<p>[\/et_pb_text][\/et_pb_column][et_pb_column type=\u00bb1_4&#8243;][et_pb_image admin_label=\u00bbcampa\u00f1a de promocion\u00bb src=\u00bbhttp:\/\/mccredsa.com.ar\/wp-content\/uploads\/2017\/05\/promocion.png\u00bb show_in_lightbox=\u00bboff\u00bb url_new_window=\u00bboff\u00bb use_overlay=\u00bboff\u00bb animation=\u00bbleft\u00bb sticky=\u00bboff\u00bb align=\u00bbleft\u00bb force_fullwidth=\u00bboff\u00bb always_center_on_mobile=\u00bbon\u00bb use_border_color=\u00bboff\u00bb border_color=\u00bb#ffffff\u00bb border_style=\u00bbsolid\u00bb] [\/et_pb_image][et_pb_text admin_label=\u00bbTexto\u00bb background_layout=\u00bbdark\u00bb text_orientation=\u00bbcenter\u00bb use_border_color=\u00bboff\u00bb border_color=\u00bb#ffffff\u00bb border_style=\u00bbsolid\u00bb]<\/p>\n<p style=\"text-align: justify;\"><span style=\"color: #ffffff;\"><strong>Campa\u00f1as de promoci\u00f3n <\/strong><\/span><\/p>\n<p style=\"text-align: justify;\"><span style=\"color: #ffffff;\">para incentivar las ventas por medio de Sorteos en fechas especiales como D\u00eda del padre, D\u00eda de la Madre, D\u00eda del Ni\u00f1o, Navidad, A\u00f1o Nuevo, etc.<\/span><\/p>\n<p>[\/et_pb_text][\/et_pb_column][et_pb_column type=\u00bb1_4&#8243;][et_pb_image admin_label=\u00bbstands\u00bb src=\u00bbhttp:\/\/mccredsa.com.ar\/wp-content\/uploads\/2017\/05\/stands.png\u00bb show_in_lightbox=\u00bboff\u00bb url_new_window=\u00bboff\u00bb use_overlay=\u00bboff\u00bb animation=\u00bbleft\u00bb sticky=\u00bboff\u00bb align=\u00bbleft\u00bb force_fullwidth=\u00bboff\u00bb always_center_on_mobile=\u00bbon\u00bb use_border_color=\u00bboff\u00bb border_color=\u00bb#ffffff\u00bb border_style=\u00bbsolid\u00bb] [\/et_pb_image][et_pb_text admin_label=\u00bbTexto\u00bb background_layout=\u00bbdark\u00bb text_orientation=\u00bbcenter\u00bb use_border_color=\u00bboff\u00bb border_color=\u00bb#ffffff\u00bb border_style=\u00bbsolid\u00bb]<\/p>\n<p style=\"text-align: justify;\"><strong>Stands<\/strong><\/p>\n<p style=\"text-align: justify;\">dentro del local en fechas puntuales con personal a nuestro cargo para realizar las operaciones de cr\u00e9dito a los fines de que el comercio solo se limite a vender.<\/p>\n<p>[\/et_pb_text][\/et_pb_column][et_pb_column type=\u00bb1_4&#8243;][et_pb_image admin_label=\u00bbfidelizacion\u00bb src=\u00bbhttp:\/\/mccredsa.com.ar\/wp-content\/uploads\/2017\/05\/fidelizacion.png\u00bb show_in_lightbox=\u00bboff\u00bb url_new_window=\u00bboff\u00bb use_overlay=\u00bboff\u00bb animation=\u00bbleft\u00bb sticky=\u00bboff\u00bb align=\u00bbleft\u00bb force_fullwidth=\u00bboff\u00bb always_center_on_mobile=\u00bbon\u00bb use_border_color=\u00bboff\u00bb border_color=\u00bb#ffffff\u00bb border_style=\u00bbsolid\u00bb] [\/et_pb_image][et_pb_text admin_label=\u00bbTexto\u00bb background_layout=\u00bbdark\u00bb text_orientation=\u00bbcenter\u00bb use_border_color=\u00bboff\u00bb border_color=\u00bb#ffffff\u00bb border_style=\u00bbsolid\u00bb]<\/p>\n<p><strong>Campa\u00f1as de Fidelizacion<\/strong><\/p>\n<p style=\"text-align: justify;\">como la emisi\u00f3n de la <strong>Tarjeta Personal<\/strong> con el logotipo del comercio, identificando a cada uno de sus clientes con nombre y DNI. La realizaci\u00f3n de <strong>merchandising<\/strong> en los puntos de venta, como por ejemplo obsequios para el consumidor en fechas especiales.<\/p>\n<p>[\/et_pb_text][\/et_pb_column][\/et_pb_row][et_pb_row admin_label=\u00bbFila\u00bb][et_pb_column type=\u00bb4_4&#8243;][et_pb_divider admin_label=\u00bbSeparador\u00bb color=\u00bb#fcfcfc\u00bb show_divider=\u00bbon\u00bb height=\u00bb2&#8243; divider_style=\u00bbsolid\u00bb divider_position=\u00bbtop\u00bb hide_on_mobile=\u00bbon\u00bb] [\/et_pb_divider][\/et_pb_column][\/et_pb_row][et_pb_row admin_label=\u00bbFila\u00bb][et_pb_column type=\u00bb1_3&#8243;][et_pb_text admin_label=\u00bbTexto\u00bb background_layout=\u00bbdark\u00bb text_orientation=\u00bbjustified\u00bb use_border_color=\u00bboff\u00bb border_color=\u00bb#ffffff\u00bb border_style=\u00bbsolid\u00bb]<\/p>\n<p style=\"text-align: justify;\">Sistema Personalizado de entrenamiento y Capacitaci\u00f3n Personal tanto para lograr las ventas, como para la realizaci\u00f3n de las mismas a trav\u00e9s del sistema de cr\u00e9ditos personales. Esta capacitaci\u00f3n esta acompa\u00f1ada de material did\u00e1ctico que les ser\u00e1 de suma utilidad.<\/p>\n<p>[\/et_pb_text][\/et_pb_column][et_pb_column type=\u00bb1_3&#8243;][et_pb_image admin_label=\u00bbImagen\u00bb src=\u00bbhttp:\/\/mccredsa.com.ar\/wp-content\/uploads\/2016\/11\/capacitacion.png\u00bb show_in_lightbox=\u00bboff\u00bb url_new_window=\u00bboff\u00bb use_overlay=\u00bboff\u00bb animation=\u00bbbottom\u00bb sticky=\u00bboff\u00bb align=\u00bbcenter\u00bb force_fullwidth=\u00bboff\u00bb always_center_on_mobile=\u00bbon\u00bb use_border_color=\u00bboff\u00bb border_color=\u00bb#ffffff\u00bb border_style=\u00bbsolid\u00bb] [\/et_pb_image][\/et_pb_column][et_pb_column type=\u00bb1_3&#8243;][et_pb_text admin_label=\u00bbTexto\u00bb background_layout=\u00bbdark\u00bb text_orientation=\u00bbjustified\u00bb use_border_color=\u00bboff\u00bb border_color=\u00bb#ffffff\u00bb border_style=\u00bbsolid\u00bb]<\/p>\n<p style=\"text-align: justify;\">Somos concientes que los clientes de nuestros clientes son lo mas importante y que debemos cuidarlos, atenderlos y priorizarlos ante todo.<\/p>\n<p>[\/et_pb_text][\/et_pb_column][\/et_pb_row][et_pb_row admin_label=\u00bbFila\u00bb][et_pb_column type=\u00bb4_4&#8243;][et_pb_divider admin_label=\u00bbSeparador\u00bb color=\u00bb#fcfcfc\u00bb show_divider=\u00bbon\u00bb height=\u00bb2&#8243; divider_style=\u00bbsolid\u00bb divider_position=\u00bbtop\u00bb hide_on_mobile=\u00bbon\u00bb] [\/et_pb_divider][\/et_pb_column][\/et_pb_row][et_pb_row admin_label=\u00bbFila\u00bb][et_pb_column type=\u00bb4_4&#8243;][et_pb_text admin_label=\u00bbTexto\u00bb background_layout=\u00bbdark\u00bb text_orientation=\u00bbcenter\u00bb use_border_color=\u00bboff\u00bb border_color=\u00bb#ffffff\u00bb border_style=\u00bbsolid\u00bb]<\/p>\n<h3>Tambien contamos con:<\/h3>\n<p>[\/et_pb_text][\/et_pb_column][\/et_pb_row][et_pb_row admin_label=\u00bbFila\u00bb][et_pb_column type=\u00bb1_4&#8243;][et_pb_image admin_label=\u00bbImagen\u00bb src=\u00bbhttp:\/\/mccredsa.com.ar\/wp-content\/uploads\/2016\/11\/compu.png\u00bb show_in_lightbox=\u00bboff\u00bb url_new_window=\u00bboff\u00bb use_overlay=\u00bboff\u00bb animation=\u00bbleft\u00bb sticky=\u00bboff\u00bb align=\u00bbleft\u00bb force_fullwidth=\u00bboff\u00bb always_center_on_mobile=\u00bbon\u00bb use_border_color=\u00bboff\u00bb border_color=\u00bb#ffffff\u00bb border_style=\u00bbsolid\u00bb] [\/et_pb_image][\/et_pb_column][et_pb_column type=\u00bb1_4&#8243;][et_pb_text admin_label=\u00bbTexto\u00bb background_layout=\u00bblight\u00bb text_orientation=\u00bbjustified\u00bb use_border_color=\u00bboff\u00bb border_color=\u00bb#ffffff\u00bb border_style=\u00bbsolid\u00bb text_text_color=\u00bb#ffffff\u00bb]<\/p>\n<p>Un <strong>Sistema Inform\u00e1tico de Ultima Generaci\u00f3n<\/strong> \u00a0destinado a administrar las operaciones crediticias, el cual permite trabajar sobre las bases de datos \u00a0de manera On-Line entre las sucursales, tanto para el otorgamiento del cr\u00e9dito como para la cobranza de las cuotas lo cual le permite brindar un servicio de excelencia a los clientes.<\/p>\n<p>[\/et_pb_text][\/et_pb_column][et_pb_column type=\u00bb1_4&#8243;][et_pb_image admin_label=\u00bbImagen\u00bb src=\u00bbhttp:\/\/mccredsa.com.ar\/wp-content\/uploads\/2016\/11\/telefono-1.png\u00bb show_in_lightbox=\u00bboff\u00bb url_new_window=\u00bboff\u00bb use_overlay=\u00bboff\u00bb animation=\u00bbleft\u00bb sticky=\u00bboff\u00bb align=\u00bbleft\u00bb force_fullwidth=\u00bboff\u00bb always_center_on_mobile=\u00bbon\u00bb use_border_color=\u00bboff\u00bb border_color=\u00bb#ffffff\u00bb border_style=\u00bbsolid\u00bb] [\/et_pb_image][\/et_pb_column][et_pb_column type=\u00bb1_4&#8243;][et_pb_text admin_label=\u00bbTexto\u00bb background_layout=\u00bbdark\u00bb text_orientation=\u00bbjustified\u00bb use_border_color=\u00bboff\u00bb border_color=\u00bb#ffffff\u00bb border_style=\u00bbsolid\u00bb text_text_color=\u00bb#ffffff\u00bb]<\/p>\n<p>Un <strong>\u00a0Centro de Atenci\u00f3n Telef\u00f3nica<\/strong> con L\u00edneas rotativas, donde ser\u00e1 atendido por personal altamente capacitado para dar las soluciones y respuestas en forma inmediata, favoreciendo, de esta forma la relaci\u00f3n con el usuario a trav\u00e9s de una atenci\u00f3n \u00e1gil y eficaz.<\/p>\n<p>[\/et_pb_text][\/et_pb_column][\/et_pb_row][et_pb_row admin_label=\u00bbFila\u00bb][et_pb_column type=\u00bb4_4&#8243;][et_pb_text admin_label=\u00bbTexto\u00bb background_layout=\u00bbdark\u00bb text_orientation=\u00bbcenter\u00bb use_border_color=\u00bboff\u00bb border_color=\u00bb#ffffff\u00bb border_style=\u00bbsolid\u00bb text_font=\u00bbPermanent Marker||||\u00bb text_text_color=\u00bb#ffffff\u00bb text_font_size=\u00bb20&#8243;]<\/p>\n<p>Estamos convencidos que podemos lograr CRECER JUNTOS, lo cual no es solo una expresi\u00f3n de deseo sino que lo hemos podido comprobar \u00a0a trav\u00e9s de los a\u00f1os con comercios tan importantes como el suyo.<\/p>\n<p>[\/et_pb_text][\/et_pb_column][\/et_pb_row][et_pb_row admin_label=\u00bbrow\u00bb make_fullwidth=\u00bboff\u00bb use_custom_width=\u00bboff\u00bb width_unit=\u00bboff\u00bb custom_width_px=\u00bb1080px\u00bb custom_width_percent=\u00bb80%\u00bb use_custom_gutter=\u00bboff\u00bb gutter_width=\u00bb3&#8243; padding_mobile=\u00bboff\u00bb allow_player_pause=\u00bboff\u00bb parallax=\u00bboff\u00bb parallax_method=\u00bbon\u00bb make_equal=\u00bboff\u00bb column_padding_mobile=\u00bbon\u00bb parallax_1=\u00bboff\u00bb parallax_method_1=\u00bbon\u00bb parallax_2=\u00bboff\u00bb parallax_method_2=\u00bbon\u00bb parallax_3=\u00bboff\u00bb parallax_method_3=\u00bbon\u00bb parallax_4=\u00bboff\u00bb parallax_method_4=\u00bbon\u00bb disabled=\u00bboff\u00bb][et_pb_column type=\u00bb4_4&#8243;][et_pb_button admin_label=\u00bbBot\u00f3n\u00bb button_url=\u00bbhttp:\/\/mccredsa.com.ar\/?page_id=71&#8243; url_new_window=\u00bboff\u00bb button_text=\u00bbConoc\u00e9 m\u00e1s de nuestra empresa\u00bb button_alignment=\u00bbcenter\u00bb background_layout=\u00bbdark\u00bb custom_button=\u00bboff\u00bb button_use_icon=\u00bbon\u00bb button_icon_placement=\u00bbright\u00bb button_on_hover=\u00bbon\u00bb button_letter_spacing_hover=\u00bb0&#8243; disabled=\u00bboff\u00bb button_letter_spacing=\u00bb0&#8243;] [\/et_pb_button][et_pb_button admin_label=\u00bbBot\u00f3n\u00bb button_url=\u00bbhttp:\/\/mccredsa.com.ar\/?page_id=2259&#8243; url_new_window=\u00bboff\u00bb button_text=\u00bbAdherite a McCred\u00bb button_alignment=\u00bbcenter\u00bb background_layout=\u00bbdark\u00bb custom_button=\u00bboff\u00bb button_use_icon=\u00bbon\u00bb button_icon_placement=\u00bbright\u00bb button_on_hover=\u00bbon\u00bb button_letter_spacing_hover=\u00bb0&#8243; disabled=\u00bboff\u00bb button_letter_spacing=\u00bb0&#8243;] [\/et_pb_button][\/et_pb_column][\/et_pb_row][\/et_pb_section]<\/p>\n","protected":false},"excerpt":{"rendered":"<p>[et_pb_section admin_label=\u00bbsection\u00bb background_image=\u00bbhttp:\/\/dev.mccredsa.com.ar\/wp-content\/uploads\/2016\/11\/pexels-photo-1.jpg\u00bb transparent_background=\u00bboff\u00bb allow_player_pause=\u00bboff\u00bb inner_shadow=\u00bbon\u00bb parallax=\u00bbon\u00bb parallax_method=\u00bboff\u00bb padding_mobile=\u00bboff\u00bb make_fullwidth=\u00bboff\u00bb use_custom_width=\u00bboff\u00bb width_unit=\u00bbon\u00bb custom_width_px=\u00bb1080px\u00bb custom_width_percent=\u00bb80%\u00bb make_equal=\u00bboff\u00bb use_custom_gutter=\u00bboff\u00bb fullwidth=\u00bboff\u00bb specialty=\u00bboff\u00bb disabled=\u00bboff\u00bb][et_pb_row admin_label=\u00bbrow\u00bb make_fullwidth=\u00bboff\u00bb use_custom_width=\u00bboff\u00bb width_unit=\u00bboff\u00bb use_custom_gutter=\u00bboff\u00bb padding_mobile=\u00bboff\u00bb allow_player_pause=\u00bboff\u00bb parallax=\u00bboff\u00bb parallax_method=\u00bbon\u00bb make_equal=\u00bboff\u00bb column_padding_mobile=\u00bbon\u00bb parallax_1=\u00bboff\u00bb parallax_method_1=\u00bbon\u00bb parallax_2=\u00bboff\u00bb parallax_method_2=\u00bbon\u00bb parallax_3=\u00bboff\u00bb parallax_method_3=\u00bbon\u00bb parallax_4=\u00bboff\u00bb parallax_method_4=\u00bbon\u00bb disabled=\u00bboff\u00bb disabled_on=\u00bboff|off|off\u00bb][et_pb_column type=\u00bb4_4&#8243;][et_pb_text admin_label=\u00bbTexto\u00bb background_layout=\u00bblight\u00bb text_orientation=\u00bbleft\u00bb header_font_size=\u00bb50px\u00bb use_border_color=\u00bboff\u00bb border_style=\u00bbsolid\u00bb disabled=\u00bboff\u00bb border_color=\u00bb#ffffff\u00bb] Creditos de Consumo [\/et_pb_text][et_pb_text admin_label=\u00bbTexto\u00bb background_layout=\u00bblight\u00bb &hellip; <\/p>\n<p class=\"link-more\"><a href=\"https:\/\/mccredsa.online\/?page_id=101\" class=\"more-link\">Continuar leyendo<span class=\"screen-reader-text\"> \u00abCreditos de Consumo\u00bb<\/span><\/a><\/p>\n","protected":false},"author":1,"featured_media":0,"parent":0,"menu_order":0,"comment_status":"closed","ping_status":"closed","template":"","meta":{"footnotes":""},"class_list":["post-101","page","type-page","status-publish","hentry"],"_links":{"self":[{"href":"https:\/\/mccredsa.online\/index.php?rest_route=\/wp\/v2\/pages\/101","targetHints":{"allow":["GET"]}}],"collection":[{"href":"https:\/\/mccredsa.online\/index.php?rest_route=\/wp\/v2\/pages"}],"about":[{"href":"https:\/\/mccredsa.online\/index.php?rest_route=\/wp\/v2\/types\/page"}],"author":[{"embeddable":true,"href":"https:\/\/mccredsa.online\/index.php?rest_route=\/wp\/v2\/users\/1"}],"replies":[{"embeddable":true,"href":"https:\/\/mccredsa.online\/index.php?rest_route=%2Fwp%2Fv2%2Fcomments&post=101"}],"version-history":[{"count":40,"href":"https:\/\/mccredsa.online\/index.php?rest_route=\/wp\/v2\/pages\/101\/revisions"}],"predecessor-version":[{"id":2745,"href":"https:\/\/mccredsa.online\/index.php?rest_route=\/wp\/v2\/pages\/101\/revisions\/2745"}],"wp:attachment":[{"href":"https:\/\/mccredsa.online\/index.php?rest_route=%2Fwp%2Fv2%2Fmedia&parent=101"}],"curies":[{"name":"wp","href":"https:\/\/api.w.org\/{rel}","templated":true}]}}