{"id":71,"date":"2016-11-01T16:46:54","date_gmt":"2016-11-01T19:46:54","guid":{"rendered":"http:\/\/dev.mccredsa.com.ar\/?page_id=71"},"modified":"2017-05-17T09:34:01","modified_gmt":"2017-05-17T12:34:01","slug":"empresa","status":"publish","type":"page","link":"https:\/\/mccredsa.online\/?page_id=71","title":{"rendered":"Empresa"},"content":{"rendered":"<p>[et_pb_section admin_label=\u00bbsection\u00bb transparent_background=\u00bboff\u00bb allow_player_pause=\u00bboff\u00bb inner_shadow=\u00bboff\u00bb parallax=\u00bboff\u00bb parallax_method=\u00bbon\u00bb custom_padding=\u00bb0px|0px|0px|0px\u00bb padding_mobile=\u00bboff\u00bb make_fullwidth=\u00bboff\u00bb use_custom_width=\u00bboff\u00bb width_unit=\u00bboff\u00bb custom_width_px=\u00bb1080px\u00bb custom_width_percent=\u00bb80%\u00bb make_equal=\u00bboff\u00bb use_custom_gutter=\u00bboff\u00bb fullwidth=\u00bbon\u00bb specialty=\u00bboff\u00bb disabled=\u00bboff\u00bb][et_pb_fullwidth_header admin_label=\u00bbT\u00edtulo de anchura completa\u00bb title=\u00bbNuestra Empresa\u00bb background_layout=\u00bbdark\u00bb text_orientation=\u00bbcenter\u00bb header_fullscreen=\u00bboff\u00bb header_scroll_down=\u00bboff\u00bb background_url=\u00bbhttp:\/\/dev.mccredsa.com.ar\/wp-content\/uploads\/2016\/11\/suctermas5.jpg\u00bb background_overlay_color=\u00bbrgba(0,0,0,0.22)\u00bb parallax=\u00bboff\u00bb parallax_method=\u00bboff\u00bb content_orientation=\u00bbcenter\u00bb image_orientation=\u00bbcenter\u00bb title_font=\u00bb|on|||\u00bb title_font_size=\u00bb40px\u00bb custom_button_one=\u00bboff\u00bb button_one_use_icon=\u00bbon\u00bb button_one_icon_placement=\u00bbright\u00bb button_one_on_hover=\u00bbon\u00bb button_one_letter_spacing_hover=\u00bb0&#8243; custom_button_two=\u00bboff\u00bb button_two_use_icon=\u00bbon\u00bb button_two_icon_placement=\u00bbright\u00bb button_two_on_hover=\u00bbon\u00bb button_two_letter_spacing_hover=\u00bb0&#8243; custom_css_header_container=\u00bbpadding-bottom: 50px\u00bb disabled=\u00bboff\u00bb button_one_letter_spacing=\u00bb0&#8243; button_two_letter_spacing=\u00bb0&#8243;] [\/et_pb_fullwidth_header][\/et_pb_section][et_pb_section admin_label=\u00bbsection\u00bb transparent_background=\u00bboff\u00bb allow_player_pause=\u00bboff\u00bb inner_shadow=\u00bboff\u00bb parallax=\u00bboff\u00bb parallax_method=\u00bbon\u00bb padding_mobile=\u00bboff\u00bb make_fullwidth=\u00bboff\u00bb use_custom_width=\u00bboff\u00bb width_unit=\u00bboff\u00bb custom_width_px=\u00bb1080px\u00bb custom_width_percent=\u00bb80%\u00bb make_equal=\u00bboff\u00bb use_custom_gutter=\u00bboff\u00bb fullwidth=\u00bboff\u00bb specialty=\u00bboff\u00bb disabled=\u00bboff\u00bb][et_pb_row admin_label=\u00bbrow\u00bb make_fullwidth=\u00bboff\u00bb use_custom_width=\u00bboff\u00bb width_unit=\u00bboff\u00bb custom_width_px=\u00bb1080px\u00bb custom_width_percent=\u00bb80%\u00bb use_custom_gutter=\u00bboff\u00bb gutter_width=\u00bb3&#8243; padding_mobile=\u00bboff\u00bb allow_player_pause=\u00bboff\u00bb parallax=\u00bboff\u00bb parallax_method=\u00bbon\u00bb make_equal=\u00bboff\u00bb column_padding_mobile=\u00bbon\u00bb parallax_1=\u00bboff\u00bb parallax_method_1=\u00bbon\u00bb parallax_2=\u00bboff\u00bb parallax_method_2=\u00bbon\u00bb parallax_3=\u00bboff\u00bb parallax_method_3=\u00bbon\u00bb parallax_4=\u00bboff\u00bb parallax_method_4=\u00bbon\u00bb disabled=\u00bboff\u00bb][et_pb_column type=\u00bb1_2&#8243;][et_pb_text admin_label=\u00bbTexto\u00bb background_layout=\u00bblight\u00bb text_orientation=\u00bbleft\u00bb use_border_color=\u00bboff\u00bb border_style=\u00bbsolid\u00bb disabled=\u00bboff\u00bb border_color=\u00bb#ffffff\u00bb]<\/p>\n<p><span style=\"color: #800000;\"><strong>Mc Cred<\/strong><\/span> es una empresa joven nacida en el a\u00f1o 2005, con CAPITALES propios que se dedica a dar soluciones financieras a sus clientes a trav\u00e9s de \u00a0su l\u00ednea de cr\u00e9ditos en efectivo y cr\u00e9ditos para el consumo utilizando nuestra amplia red de comercios adheridos. La capacidad de adaptarnos a los los contextos econ\u00f3micos y de mercado \u00a0y por supuesto \u00a0de nuestros clientes nos han llevado hoy a tener 9 sucursales en el norte de pa\u00eds y contar con m\u00e1s de 50 personas altamente capacitadas dispuestas a brindar un servicio de excelencia, logrando as\u00ed que nuestros clientes de sientan respaldados, atendidos y escuchados.<\/p>\n<p>[\/et_pb_text][\/et_pb_column][et_pb_column type=\u00bb1_2&#8243;][et_pb_image admin_label=\u00bbImagen\u00bb src=\u00bbhttp:\/\/dev.mccredsa.com.ar\/wp-content\/uploads\/2016\/10\/logo-mc-cred.png\u00bb show_in_lightbox=\u00bboff\u00bb url_new_window=\u00bboff\u00bb use_overlay=\u00bboff\u00bb sticky=\u00bboff\u00bb align=\u00bbleft\u00bb force_fullwidth=\u00bboff\u00bb always_center_on_mobile=\u00bbon\u00bb use_border_color=\u00bboff\u00bb border_color=\u00bb#ffffff\u00bb border_width=\u00bb1px\u00bb border_style=\u00bbsolid\u00bb disabled=\u00bboff\u00bb] [\/et_pb_image][\/et_pb_column][\/et_pb_row][et_pb_row admin_label=\u00bbrow\u00bb make_fullwidth=\u00bboff\u00bb use_custom_width=\u00bboff\u00bb width_unit=\u00bboff\u00bb custom_width_px=\u00bb1080px\u00bb custom_width_percent=\u00bb80%\u00bb use_custom_gutter=\u00bboff\u00bb gutter_width=\u00bb3&#8243; padding_mobile=\u00bboff\u00bb allow_player_pause=\u00bboff\u00bb parallax=\u00bboff\u00bb parallax_method=\u00bbon\u00bb make_equal=\u00bboff\u00bb column_padding_mobile=\u00bbon\u00bb parallax_1=\u00bboff\u00bb parallax_method_1=\u00bbon\u00bb parallax_2=\u00bboff\u00bb parallax_method_2=\u00bbon\u00bb parallax_3=\u00bboff\u00bb parallax_method_3=\u00bbon\u00bb parallax_4=\u00bboff\u00bb parallax_method_4=\u00bbon\u00bb disabled=\u00bboff\u00bb][et_pb_column type=\u00bb4_4&#8243;][et_pb_text admin_label=\u00bbTexto\u00bb background_layout=\u00bblight\u00bb text_orientation=\u00bbleft\u00bb use_border_color=\u00bboff\u00bb border_style=\u00bbsolid\u00bb disabled=\u00bboff\u00bb header_font=\u00bbGloria Hallelujah||||\u00bb header_font_size=\u00bb40px\u00bb border_color=\u00bb#ffffff\u00bb text_font=\u00bbGloria Hallelujah||||\u00bb text_font_size=\u00bb34&#8243;]<\/p>\n<h1 style=\"text-align: center;\"><strong><span style=\"color: #8b2645;\">Nuestras Estrategias de Marketing<\/span><\/strong><\/h1>\n<p>[\/et_pb_text][\/et_pb_column][\/et_pb_row][et_pb_row admin_label=\u00bbrow\u00bb make_fullwidth=\u00bboff\u00bb use_custom_width=\u00bboff\u00bb width_unit=\u00bboff\u00bb custom_width_px=\u00bb1080px\u00bb custom_width_percent=\u00bb80%\u00bb use_custom_gutter=\u00bboff\u00bb gutter_width=\u00bb3&#8243; padding_mobile=\u00bboff\u00bb allow_player_pause=\u00bboff\u00bb parallax=\u00bboff\u00bb parallax_method=\u00bbon\u00bb make_equal=\u00bboff\u00bb column_padding_mobile=\u00bbon\u00bb parallax_1=\u00bboff\u00bb parallax_method_1=\u00bbon\u00bb parallax_2=\u00bboff\u00bb parallax_method_2=\u00bbon\u00bb parallax_3=\u00bboff\u00bb parallax_method_3=\u00bbon\u00bb parallax_4=\u00bboff\u00bb parallax_method_4=\u00bbon\u00bb disabled=\u00bboff\u00bb][et_pb_column type=\u00bb1_2&#8243;][et_pb_blurb admin_label=\u00bbAnuncio\u00bb title=\u00bbCampa\u00f1as de Comunicaci\u00f3n\u00bb url_new_window=\u00bboff\u00bb use_icon=\u00bbon\u00bb font_icon=\u00bb\ue0e9\u00bb icon_color=\u00bb#a14f68&#8243; use_circle=\u00bboff\u00bb circle_color=\u00bb#a14f68&#8243; use_circle_border=\u00bboff\u00bb circle_border_color=\u00bb#a14f68&#8243; icon_placement=\u00bbtop\u00bb animation=\u00bbtop\u00bb background_layout=\u00bblight\u00bb text_orientation=\u00bbcenter\u00bb use_icon_font_size=\u00bboff\u00bb header_font=\u00bbPermanent Marker||||\u00bb header_font_size=\u00bb25px\u00bb header_text_color=\u00bb#8b2645&#8243; use_border_color=\u00bboff\u00bb border_color=\u00bb#ffffff\u00bb border_style=\u00bbsolid\u00bb disabled=\u00bboff\u00bb]<\/p>\n<p>Brind\u00e1ndole apoyo continuo al comerciante y a sus vendedores a trav\u00e9s de materiales como folletos, carteles, Banners \u00a0y otros elementos que destacan los beneficios, oportunidades y ventajas del cr\u00e9dito.<\/p>\n<p>[\/et_pb_blurb][\/et_pb_column][et_pb_column type=\u00bb1_2&#8243;][et_pb_blurb admin_label=\u00bbAnuncio\u00bb title=\u00bbCampa\u00f1as de Promoci\u00f3n\u00bb url_new_window=\u00bboff\u00bb use_icon=\u00bbon\u00bb font_icon=\u00bb\ue023\u00bb icon_color=\u00bb#a14f68&#8243; use_circle=\u00bboff\u00bb circle_color=\u00bb#a14f68&#8243; use_circle_border=\u00bboff\u00bb circle_border_color=\u00bb#a14f68&#8243; icon_placement=\u00bbtop\u00bb animation=\u00bbtop\u00bb background_layout=\u00bblight\u00bb text_orientation=\u00bbcenter\u00bb use_icon_font_size=\u00bboff\u00bb header_font=\u00bbPermanent Marker||||\u00bb header_font_size=\u00bb25px\u00bb header_text_color=\u00bb#8b2645&#8243; use_border_color=\u00bboff\u00bb border_color=\u00bb#ffffff\u00bb border_style=\u00bbsolid\u00bb disabled=\u00bboff\u00bb]<\/p>\n<p>Para incentivar las ventas por medio de <span style=\"color: #8b2645;\"><strong>sorteos<\/strong><\/span> en fechas especiales como D\u00eda del padre, D\u00eda de la Madre, D\u00eda del Ni\u00f1o, Navidad, A\u00f1o Nuevo, etc.<\/p>\n<p>[\/et_pb_blurb][\/et_pb_column][\/et_pb_row][et_pb_row admin_label=\u00bbrow\u00bb make_fullwidth=\u00bboff\u00bb use_custom_width=\u00bboff\u00bb width_unit=\u00bboff\u00bb custom_width_px=\u00bb1080px\u00bb custom_width_percent=\u00bb80%\u00bb use_custom_gutter=\u00bboff\u00bb gutter_width=\u00bb3&#8243; padding_mobile=\u00bboff\u00bb allow_player_pause=\u00bboff\u00bb parallax=\u00bboff\u00bb parallax_method=\u00bbon\u00bb make_equal=\u00bboff\u00bb column_padding_mobile=\u00bbon\u00bb parallax_1=\u00bboff\u00bb parallax_method_1=\u00bbon\u00bb parallax_2=\u00bboff\u00bb parallax_method_2=\u00bbon\u00bb parallax_3=\u00bboff\u00bb parallax_method_3=\u00bbon\u00bb parallax_4=\u00bboff\u00bb parallax_method_4=\u00bbon\u00bb disabled=\u00bboff\u00bb][et_pb_column type=\u00bb1_2&#8243;][et_pb_image admin_label=\u00bbImagen\u00bb src=\u00bbhttp:\/\/dev.mccredsa.com.ar\/wp-content\/uploads\/2016\/11\/0c87a44.jpg\u00bb show_in_lightbox=\u00bboff\u00bb url_new_window=\u00bboff\u00bb use_overlay=\u00bboff\u00bb sticky=\u00bboff\u00bb align=\u00bbleft\u00bb force_fullwidth=\u00bboff\u00bb always_center_on_mobile=\u00bbon\u00bb use_border_color=\u00bboff\u00bb border_color=\u00bb#ffffff\u00bb border_width=\u00bb1px\u00bb border_style=\u00bbsolid\u00bb disabled=\u00bboff\u00bb] [\/et_pb_image][\/et_pb_column][et_pb_column type=\u00bb1_2&#8243;][et_pb_text admin_label=\u00bbTexto\u00bb background_layout=\u00bblight\u00bb text_orientation=\u00bbleft\u00bb use_border_color=\u00bboff\u00bb border_style=\u00bbsolid\u00bb disabled=\u00bboff\u00bb]<\/p>\n<p style=\"text-align: start; background-color: #ffffff;\">Asimismo, sabemos que los comerciantes necesitan vendedores h\u00e1biles e id\u00f3neos, ya que ellos son en definitiva quienes realizan las ventas. Por tal motivo, contamos con un <span style=\"color: #8b2645;\"><strong>Sistema Personalizado de Entrenamiento y Capacitaci\u00f3n Personal<\/strong><\/span>, acompa\u00f1ada de material did\u00e1ctico.<\/p>\n<p style=\"text-align: start; background-color: #ffffff;\">Consideramos imprescindible brindar la mejor calidad de servicio a traves de un Sistema Inform\u00e1tico de \u00daltima Generaci\u00f3n destinado a administrar las operaciones crediticias, y un <span style=\"color: #8b2645;\"><strong>Centro de Atenci\u00f3n Telefonica<\/strong><\/span> con lineas rotativas, donde ser\u00e1 atendido por personal altamente capacitado.<\/p>\n<p style=\"background-color: #ffffff;\">Estamos convencidos que podemos lograr <strong><span style=\"color: #8b2645;\">CRECER JUNTOS<\/span><\/strong>, lo cual no es solo una expesi\u00f3n de deseo sino que lo hemos podido comprobar \u00a0a traves de los a\u00f1os con comercios tan importantes como el suyo.<\/p>\n<p>[\/et_pb_text][\/et_pb_column][\/et_pb_row][\/et_pb_section]<\/p>\n","protected":false},"excerpt":{"rendered":"<p>[et_pb_section admin_label=\u00bbsection\u00bb transparent_background=\u00bboff\u00bb allow_player_pause=\u00bboff\u00bb inner_shadow=\u00bboff\u00bb parallax=\u00bboff\u00bb parallax_method=\u00bbon\u00bb custom_padding=\u00bb0px|0px|0px|0px\u00bb padding_mobile=\u00bboff\u00bb make_fullwidth=\u00bboff\u00bb use_custom_width=\u00bboff\u00bb width_unit=\u00bboff\u00bb custom_width_px=\u00bb1080px\u00bb custom_width_percent=\u00bb80%\u00bb make_equal=\u00bboff\u00bb use_custom_gutter=\u00bboff\u00bb fullwidth=\u00bbon\u00bb specialty=\u00bboff\u00bb disabled=\u00bboff\u00bb][et_pb_fullwidth_header admin_label=\u00bbT\u00edtulo de anchura completa\u00bb title=\u00bbNuestra Empresa\u00bb background_layout=\u00bbdark\u00bb text_orientation=\u00bbcenter\u00bb header_fullscreen=\u00bboff\u00bb header_scroll_down=\u00bboff\u00bb background_url=\u00bbhttp:\/\/dev.mccredsa.com.ar\/wp-content\/uploads\/2016\/11\/suctermas5.jpg\u00bb background_overlay_color=\u00bbrgba(0,0,0,0.22)\u00bb parallax=\u00bboff\u00bb parallax_method=\u00bboff\u00bb content_orientation=\u00bbcenter\u00bb image_orientation=\u00bbcenter\u00bb title_font=\u00bb|on|||\u00bb title_font_size=\u00bb40px\u00bb custom_button_one=\u00bboff\u00bb button_one_use_icon=\u00bbon\u00bb button_one_icon_placement=\u00bbright\u00bb button_one_on_hover=\u00bbon\u00bb button_one_letter_spacing_hover=\u00bb0&#8243; custom_button_two=\u00bboff\u00bb button_two_use_icon=\u00bbon\u00bb button_two_icon_placement=\u00bbright\u00bb button_two_on_hover=\u00bbon\u00bb button_two_letter_spacing_hover=\u00bb0&#8243; custom_css_header_container=\u00bbpadding-bottom: 50px\u00bb disabled=\u00bboff\u00bb button_one_letter_spacing=\u00bb0&#8243; button_two_letter_spacing=\u00bb0&#8243;] [\/et_pb_fullwidth_header][\/et_pb_section][et_pb_section admin_label=\u00bbsection\u00bb transparent_background=\u00bboff\u00bb &hellip; <\/p>\n<p class=\"link-more\"><a href=\"https:\/\/mccredsa.online\/?page_id=71\" class=\"more-link\">Continuar leyendo<span class=\"screen-reader-text\"> \u00abEmpresa\u00bb<\/span><\/a><\/p>\n","protected":false},"author":1,"featured_media":0,"parent":0,"menu_order":0,"comment_status":"closed","ping_status":"open","template":"","meta":{"footnotes":""},"class_list":["post-71","page","type-page","status-publish","hentry"],"_links":{"self":[{"href":"https:\/\/mccredsa.online\/index.php?rest_route=\/wp\/v2\/pages\/71","targetHints":{"allow":["GET"]}}],"collection":[{"href":"https:\/\/mccredsa.online\/index.php?rest_route=\/wp\/v2\/pages"}],"about":[{"href":"https:\/\/mccredsa.online\/index.php?rest_route=\/wp\/v2\/types\/page"}],"author":[{"embeddable":true,"href":"https:\/\/mccredsa.online\/index.php?rest_route=\/wp\/v2\/users\/1"}],"replies":[{"embeddable":true,"href":"https:\/\/mccredsa.online\/index.php?rest_route=%2Fwp%2Fv2%2Fcomments&post=71"}],"version-history":[{"count":10,"href":"https:\/\/mccredsa.online\/index.php?rest_route=\/wp\/v2\/pages\/71\/revisions"}],"predecessor-version":[{"id":2700,"href":"https:\/\/mccredsa.online\/index.php?rest_route=\/wp\/v2\/pages\/71\/revisions\/2700"}],"wp:attachment":[{"href":"https:\/\/mccredsa.online\/index.php?rest_route=%2Fwp%2Fv2%2Fmedia&parent=71"}],"curies":[{"name":"wp","href":"https:\/\/api.w.org\/{rel}","templated":true}]}}