{"id":97,"date":"2016-11-10T01:07:36","date_gmt":"2016-11-10T04:07:36","guid":{"rendered":"http:\/\/dev.mccredsa.com.ar\/?page_id=97"},"modified":"2017-05-24T11:40:03","modified_gmt":"2017-05-24T14:40:03","slug":"prestamos-en-efectivo","status":"publish","type":"page","link":"https:\/\/mccredsa.online\/?page_id=97","title":{"rendered":"Prestamos en Efectivo"},"content":{"rendered":"<p>[et_pb_section admin_label=\u00bbSecci\u00f3n\u00bb transparent_background=\u00bboff\u00bb allow_player_pause=\u00bboff\u00bb inner_shadow=\u00bboff\u00bb parallax=\u00bboff\u00bb parallax_method=\u00bbon\u00bb padding_mobile=\u00bboff\u00bb make_fullwidth=\u00bboff\u00bb use_custom_width=\u00bboff\u00bb width_unit=\u00bboff\u00bb custom_width_px=\u00bb1080px\u00bb custom_width_percent=\u00bb80%\u00bb make_equal=\u00bboff\u00bb use_custom_gutter=\u00bboff\u00bb fullwidth=\u00bbon\u00bb specialty=\u00bboff\u00bb disabled=\u00bboff\u00bb][et_pb_fullwidth_header admin_label=\u00bbT\u00edtulo de anchura completa\u00bb title=\u00bbPr\u00e9stamos en Efectivo\u00bb subhead=\u00bbR\u00e1pidos y f\u00e1ciles de sacar\u00bb background_layout=\u00bbdark\u00bb text_orientation=\u00bbcenter\u00bb header_fullscreen=\u00bboff\u00bb header_scroll_down=\u00bboff\u00bb scroll_down_icon=\u00bb%%3%%\u00bb background_url=\u00bbhttp:\/\/dev.mccredsa.com.ar\/wp-content\/uploads\/2016\/11\/Cien_Pesos_4973732805.jpg\u00bb background_overlay_color=\u00bbrgba(0,0,0,0.32)\u00bb parallax=\u00bboff\u00bb parallax_method=\u00bboff\u00bb content_orientation=\u00bbcenter\u00bb image_orientation=\u00bbcenter\u00bb title_font_size=\u00bb50px\u00bb subhead_font_size=\u00bb24px\u00bb content_font_size=\u00bb14px\u00bb custom_button_one=\u00bboff\u00bb button_one_text_size=\u00bb20&#8243; button_one_letter_spacing=\u00bb0&#8243; button_one_use_icon=\u00bbdefault\u00bb button_one_icon_placement=\u00bbright\u00bb button_one_on_hover=\u00bbon\u00bb button_one_letter_spacing_hover=\u00bb0&#8243; custom_button_two=\u00bboff\u00bb button_two_text_size=\u00bb20&#8243; button_two_letter_spacing=\u00bb0&#8243; button_two_use_icon=\u00bbdefault\u00bb button_two_icon_placement=\u00bbright\u00bb button_two_on_hover=\u00bbon\u00bb button_two_letter_spacing_hover=\u00bb0&#8243; custom_css_subtitle=\u00bbpadding-bottom: 50px;\u00bb disabled=\u00bboff\u00bb] [\/et_pb_fullwidth_header][\/et_pb_section][et_pb_section admin_label=\u00bbsection\u00bb transparent_background=\u00bboff\u00bb allow_player_pause=\u00bboff\u00bb inner_shadow=\u00bboff\u00bb parallax=\u00bboff\u00bb parallax_method=\u00bbon\u00bb padding_mobile=\u00bboff\u00bb make_fullwidth=\u00bboff\u00bb use_custom_width=\u00bboff\u00bb width_unit=\u00bboff\u00bb custom_width_px=\u00bb1080px\u00bb custom_width_percent=\u00bb80%\u00bb make_equal=\u00bboff\u00bb use_custom_gutter=\u00bboff\u00bb fullwidth=\u00bboff\u00bb specialty=\u00bboff\u00bb disabled=\u00bboff\u00bb][et_pb_row admin_label=\u00bbrow\u00bb make_fullwidth=\u00bboff\u00bb use_custom_width=\u00bboff\u00bb width_unit=\u00bboff\u00bb custom_width_px=\u00bb1080px\u00bb custom_width_percent=\u00bb80%\u00bb use_custom_gutter=\u00bboff\u00bb gutter_width=\u00bb3&#8243; padding_mobile=\u00bboff\u00bb allow_player_pause=\u00bboff\u00bb parallax=\u00bboff\u00bb parallax_method=\u00bbon\u00bb make_equal=\u00bboff\u00bb column_padding_mobile=\u00bbon\u00bb parallax_1=\u00bboff\u00bb parallax_method_1=\u00bbon\u00bb parallax_2=\u00bboff\u00bb parallax_method_2=\u00bbon\u00bb parallax_3=\u00bboff\u00bb parallax_method_3=\u00bbon\u00bb parallax_4=\u00bboff\u00bb parallax_method_4=\u00bbon\u00bb disabled=\u00bboff\u00bb][et_pb_column type=\u00bb4_4&#8243;][et_pb_text admin_label=\u00bbTexto\u00bb background_layout=\u00bblight\u00bb text_orientation=\u00bbleft\u00bb use_border_color=\u00bboff\u00bb border_style=\u00bbsolid\u00bb disabled=\u00bboff\u00bb border_color=\u00bb#ffffff\u00bb]<\/p>\n<p><span style=\"color: #800000;\"><strong>\u00bfC\u00f3mo son los pr\u00e9stamos de Mc Cred?<\/strong><\/span><br \/>\nSon pr\u00e9stamos r\u00e1pidos, los m\u00e1s sencillos del mercado y con m\u00ednimos requisitos.<br \/>\n<strong><span style=\"color: #800000;\">\u00bfCu\u00e1les son los requisitos?<\/span><\/strong><br \/>\n\u2022 Documento de Identidad<br \/>\n\u2022 Boleta de alg\u00fan servicio (ultima a tu nombre)<br \/>\n\u2022 Si adem\u00e1s tenes Recibo de sueldo con m\u00e1s de 4 meses de antig\u00fcedad, acercate con el \u00faltimo que tengas. Si no tenes recibo pero tenes alg\u00fan comprobante de ingreso mensual (jubilaci\u00f3n, pensi\u00f3n, asignaci\u00f3n por hijo, ingreso por servicio domestico, etc.) acercate que tenemos una plan para vos.<\/p>\n<p><strong><span style=\"color: #800000;\">\u00bfNecesito Garante?<\/span><\/strong><br \/>\nNO, los pr\u00e9stamos son a sola firma.<br \/>\n<strong><span style=\"color: #800000;\">\u00bfCu\u00e1nto dinero puedo sacar?<\/span><\/strong><br \/>\nDepende de varios factores como ser antecedentes crediticios, ingresos, antig\u00fcedad laboral etc.<br \/>\n<strong><span style=\"color: #800000;\">\u00bfLos pr\u00e9stamos tienen alg\u00fan gasto al ser otorgados?<\/span><\/strong><br \/>\nNo absolutamente no, si solicitas $ 5000 te llevas $ 5000 en la mano, sin sorpresas ni costos adicionales.<br \/>\n<span style=\"color: #800000;\"><strong>\u00bfLas cuotas que voy a pagar tienen alg\u00fan recargo adicional?<\/strong><\/span><br \/>\nNO, solo vas a pagar la cuota pactada al momento de solicitar el cr\u00e9dito.<br \/>\n<strong><span style=\"color: #800000;\">\u00bfCu\u00e1ndo vencen las cuotas?<\/span><\/strong><br \/>\nCada 30 d\u00edas.<br \/>\n<strong><span style=\"color: #800000;\">\u00bfQu\u00e9 ventajas tengo al pagar las cuotas?<\/span><\/strong><br \/>\n<strong>VARIAS<\/strong>, con el pago de tus cuotas sumas puntos y los podr\u00e1s canjear por importantes premios, participar de promociones y sorteos, y los mas importante podr\u00e1s ampliar tu <strong>MARGEN DE CREDITO<\/strong>.<br \/>\n<span style=\"color: #800000;\"><strong>\u00bfSi soy Jubilado o Pensionado puedo acceder a los cr\u00e9ditos?<\/strong><\/span><br \/>\nObvio que si, pres\u00e9ntanos el DNI, Boleta de Servicio y Recibos de sueldo, tenemos seguramente una soluci\u00f3n a tu medida.<\/p>\n<p>[\/et_pb_text][\/et_pb_column][\/et_pb_row][et_pb_row admin_label=\u00bbrow\u00bb make_fullwidth=\u00bboff\u00bb use_custom_width=\u00bboff\u00bb width_unit=\u00bboff\u00bb custom_width_px=\u00bb1080px\u00bb custom_width_percent=\u00bb80%\u00bb use_custom_gutter=\u00bboff\u00bb gutter_width=\u00bb3&#8243; padding_mobile=\u00bboff\u00bb allow_player_pause=\u00bboff\u00bb parallax=\u00bboff\u00bb parallax_method=\u00bbon\u00bb make_equal=\u00bboff\u00bb column_padding_mobile=\u00bbon\u00bb parallax_1=\u00bboff\u00bb parallax_method_1=\u00bbon\u00bb parallax_2=\u00bboff\u00bb parallax_method_2=\u00bbon\u00bb parallax_3=\u00bboff\u00bb parallax_method_3=\u00bbon\u00bb parallax_4=\u00bboff\u00bb parallax_method_4=\u00bbon\u00bb disabled=\u00bboff\u00bb][et_pb_column type=\u00bb1_3&#8243;][et_pb_blurb admin_label=\u00bbAnuncio\u00bb title=\u00bbDNI\u00bb url_new_window=\u00bboff\u00bb use_icon=\u00bboff\u00bb font_icon=\u00bb\ue107\u00bb icon_color=\u00bb#a14f68&#8243; use_circle=\u00bboff\u00bb circle_color=\u00bb#a14f68&#8243; use_circle_border=\u00bboff\u00bb circle_border_color=\u00bb#a14f68&#8243; image=\u00bbhttp:\/\/mccredsa.com.ar\/wp-content\/uploads\/2016\/12\/icono-dni.png\u00bb icon_placement=\u00bbtop\u00bb animation=\u00bbtop\u00bb background_layout=\u00bblight\u00bb text_orientation=\u00bbcenter\u00bb use_icon_font_size=\u00bbon\u00bb icon_font_size=\u00bb120px\u00bb header_font_size=\u00bb35px\u00bb use_border_color=\u00bboff\u00bb border_color=\u00bb#ffffff\u00bb border_style=\u00bbsolid\u00bb disabled=\u00bboff\u00bb header_font=\u00bbPermanent Marker||||\u00bb] [\/et_pb_blurb][\/et_pb_column][et_pb_column type=\u00bb1_3&#8243;][et_pb_blurb admin_label=\u00bbAnuncio\u00bb title=\u00bbBoleta de Servicio\u00bb url_new_window=\u00bboff\u00bb use_icon=\u00bboff\u00bb font_icon=\u00bbi\u00bb icon_color=\u00bb#a14f68&#8243; use_circle=\u00bboff\u00bb circle_color=\u00bb#a14f68&#8243; use_circle_border=\u00bboff\u00bb circle_border_color=\u00bb#a14f68&#8243; image=\u00bbhttp:\/\/mccredsa.com.ar\/wp-content\/uploads\/2016\/12\/icono-boleta.png\u00bb icon_placement=\u00bbtop\u00bb animation=\u00bbtop\u00bb background_layout=\u00bblight\u00bb text_orientation=\u00bbcenter\u00bb use_icon_font_size=\u00bbon\u00bb icon_font_size=\u00bb120px\u00bb header_font_size=\u00bb35px\u00bb use_border_color=\u00bboff\u00bb border_color=\u00bb#ffffff\u00bb border_style=\u00bbsolid\u00bb disabled=\u00bboff\u00bb header_font=\u00bbPermanent Marker||||\u00bb]<\/p>\n<p>A nombre del solicitante<\/p>\n<p>[\/et_pb_blurb][\/et_pb_column][et_pb_column type=\u00bb1_3&#8243;][et_pb_blurb admin_label=\u00bbAnuncio\u00bb title=\u00bbRecibo de Sueldo\u00bb url_new_window=\u00bboff\u00bb use_icon=\u00bboff\u00bb font_icon=\u00bbh\u00bb icon_color=\u00bb#a14f68&#8243; use_circle=\u00bboff\u00bb circle_color=\u00bb#a14f68&#8243; use_circle_border=\u00bboff\u00bb circle_border_color=\u00bb#a14f68&#8243; image=\u00bbhttp:\/\/mccredsa.com.ar\/wp-content\/uploads\/2016\/12\/icono-recibo.png\u00bb icon_placement=\u00bbtop\u00bb animation=\u00bbtop\u00bb background_layout=\u00bblight\u00bb text_orientation=\u00bbcenter\u00bb use_icon_font_size=\u00bboff\u00bb icon_font_size=\u00bb120px\u00bb header_font_size=\u00bb35px\u00bb use_border_color=\u00bboff\u00bb border_color=\u00bb#ffffff\u00bb border_style=\u00bbsolid\u00bb disabled=\u00bboff\u00bb header_font=\u00bbPermanent Marker||||\u00bb] [\/et_pb_blurb][\/et_pb_column][\/et_pb_row][et_pb_row admin_label=\u00bbrow\u00bb make_fullwidth=\u00bboff\u00bb use_custom_width=\u00bboff\u00bb width_unit=\u00bboff\u00bb custom_width_px=\u00bb1080px\u00bb custom_width_percent=\u00bb80%\u00bb use_custom_gutter=\u00bboff\u00bb gutter_width=\u00bb3&#8243; padding_mobile=\u00bboff\u00bb allow_player_pause=\u00bboff\u00bb parallax=\u00bboff\u00bb parallax_method=\u00bbon\u00bb make_equal=\u00bboff\u00bb column_padding_mobile=\u00bbon\u00bb parallax_1=\u00bboff\u00bb parallax_method_1=\u00bbon\u00bb parallax_2=\u00bboff\u00bb parallax_method_2=\u00bbon\u00bb parallax_3=\u00bboff\u00bb parallax_method_3=\u00bbon\u00bb parallax_4=\u00bboff\u00bb parallax_method_4=\u00bbon\u00bb disabled=\u00bboff\u00bb][et_pb_column type=\u00bb4_4&#8243;][et_pb_text admin_label=\u00bbTexto\u00bb background_layout=\u00bblight\u00bb text_orientation=\u00bbleft\u00bb use_border_color=\u00bboff\u00bb border_style=\u00bbsolid\u00bb disabled=\u00bboff\u00bb text_line_height=\u00bb2.3em\u00bb border_color=\u00bb#ffffff\u00bb text_font=\u00bbPermanent Marker||||\u00bb text_font_size=\u00bb22&#8243;]<\/p>\n<p style=\"text-align: center;\">Las <span style=\"color: #8b2645;\"><strong>cuotas son fijas y en pesos<\/strong><\/span>, con un plan de pago que se acuerda al momento del otorgamiento del cr\u00e9dito. <strong><span style=\"color: #8b2645;\">No tiene gastos <\/span><\/strong><strong><span style=\"color: #8b2645;\">adicionales y tiene la facilidad de pagarlo en cualquier comercio <\/span><\/strong><strong><span style=\"color: #8b2645;\">adherido o sucursal de pr\u00e9stamo<\/span><\/strong>, de acuerdo a su conveniencia.<\/p>\n<p>[\/et_pb_text][\/et_pb_column][\/et_pb_row][\/et_pb_section]<\/p>\n","protected":false},"excerpt":{"rendered":"<p>[et_pb_section admin_label=\u00bbSecci\u00f3n\u00bb transparent_background=\u00bboff\u00bb allow_player_pause=\u00bboff\u00bb inner_shadow=\u00bboff\u00bb parallax=\u00bboff\u00bb parallax_method=\u00bbon\u00bb padding_mobile=\u00bboff\u00bb make_fullwidth=\u00bboff\u00bb use_custom_width=\u00bboff\u00bb width_unit=\u00bboff\u00bb custom_width_px=\u00bb1080px\u00bb custom_width_percent=\u00bb80%\u00bb make_equal=\u00bboff\u00bb use_custom_gutter=\u00bboff\u00bb fullwidth=\u00bbon\u00bb specialty=\u00bboff\u00bb disabled=\u00bboff\u00bb][et_pb_fullwidth_header admin_label=\u00bbT\u00edtulo de anchura completa\u00bb title=\u00bbPr\u00e9stamos en Efectivo\u00bb subhead=\u00bbR\u00e1pidos y f\u00e1ciles de sacar\u00bb background_layout=\u00bbdark\u00bb text_orientation=\u00bbcenter\u00bb header_fullscreen=\u00bboff\u00bb header_scroll_down=\u00bboff\u00bb scroll_down_icon=\u00bb%%3%%\u00bb background_url=\u00bbhttp:\/\/dev.mccredsa.com.ar\/wp-content\/uploads\/2016\/11\/Cien_Pesos_4973732805.jpg\u00bb background_overlay_color=\u00bbrgba(0,0,0,0.32)\u00bb parallax=\u00bboff\u00bb parallax_method=\u00bboff\u00bb content_orientation=\u00bbcenter\u00bb image_orientation=\u00bbcenter\u00bb title_font_size=\u00bb50px\u00bb subhead_font_size=\u00bb24px\u00bb content_font_size=\u00bb14px\u00bb custom_button_one=\u00bboff\u00bb button_one_text_size=\u00bb20&#8243; button_one_letter_spacing=\u00bb0&#8243; button_one_use_icon=\u00bbdefault\u00bb button_one_icon_placement=\u00bbright\u00bb button_one_on_hover=\u00bbon\u00bb button_one_letter_spacing_hover=\u00bb0&#8243; custom_button_two=\u00bboff\u00bb button_two_text_size=\u00bb20&#8243; button_two_letter_spacing=\u00bb0&#8243; button_two_use_icon=\u00bbdefault\u00bb &hellip; <\/p>\n<p class=\"link-more\"><a href=\"https:\/\/mccredsa.online\/?page_id=97\" class=\"more-link\">Continuar leyendo<span class=\"screen-reader-text\"> \u00abPrestamos en Efectivo\u00bb<\/span><\/a><\/p>\n","protected":false},"author":1,"featured_media":0,"parent":0,"menu_order":0,"comment_status":"closed","ping_status":"closed","template":"","meta":{"footnotes":""},"class_list":["post-97","page","type-page","status-publish","hentry"],"_links":{"self":[{"href":"https:\/\/mccredsa.online\/index.php?rest_route=\/wp\/v2\/pages\/97","targetHints":{"allow":["GET"]}}],"collection":[{"href":"https:\/\/mccredsa.online\/index.php?rest_route=\/wp\/v2\/pages"}],"about":[{"href":"https:\/\/mccredsa.online\/index.php?rest_route=\/wp\/v2\/types\/page"}],"author":[{"embeddable":true,"href":"https:\/\/mccredsa.online\/index.php?rest_route=\/wp\/v2\/users\/1"}],"replies":[{"embeddable":true,"href":"https:\/\/mccredsa.online\/index.php?rest_route=%2Fwp%2Fv2%2Fcomments&post=97"}],"version-history":[{"count":10,"href":"https:\/\/mccredsa.online\/index.php?rest_route=\/wp\/v2\/pages\/97\/revisions"}],"predecessor-version":[{"id":2760,"href":"https:\/\/mccredsa.online\/index.php?rest_route=\/wp\/v2\/pages\/97\/revisions\/2760"}],"wp:attachment":[{"href":"https:\/\/mccredsa.online\/index.php?rest_route=%2Fwp%2Fv2%2Fmedia&parent=97"}],"curies":[{"name":"wp","href":"https:\/\/api.w.org\/{rel}","templated":true}]}}